{"id":20538,"date":"2024-06-01T00:00:00","date_gmt":"2024-05-31T22:00:00","guid":{"rendered":"https:\/\/stollar.eu\/maaratlemata\/vacuum-pro-plus-vaakumpakendaja-bvs900\/"},"modified":"2025-03-11T17:29:57","modified_gmt":"2025-03-11T15:29:57","slug":"vacuum-pro-plus-vaakumpakendaja-bvs900","status":"publish","type":"product","link":"https:\/\/stollar.eu\/et\/vaakumpakendajad\/vacuum-pro-plus-vaakumpakendaja-bvs900\/","title":{"rendered":"the Vacuum Pro Plus vaakumpakendaja BVS900"},"content":{"rendered":"\t\t<div data-elementor-type=\"product-post\" data-elementor-id=\"20538\" class=\"elementor elementor-20538 elementor-16908\" data-elementor-post-type=\"product\">\n\t\t\t\t<div class=\"elementor-element elementor-element-42d34a6 e-flex e-con-boxed e-con e-parent\" data-id=\"42d34a6\" data-element_type=\"container\" data-e-type=\"container\">\n\t\t\t\t\t<div class=\"e-con-inner\">\n\t\t<div class=\"elementor-element elementor-element-789c426 e-con-full e-flex e-con e-child\" data-id=\"789c426\" data-element_type=\"container\" data-e-type=\"container\">\n\t\t\t\t<div class=\"elementor-element elementor-element-977672a elementor-widget elementor-widget-heading\" data-id=\"977672a\" data-element_type=\"widget\" data-e-type=\"widget\" data-widget_type=\"heading.default\">\n\t\t\t\t<div class=\"elementor-widget-container\">\n\t\t\t\t\t<h2 class=\"elementor-heading-title elementor-size-default\">Hoidke toit kauem v\u00e4rskena! Professionaalne tehnoloogia vaakumpakendaja<\/h2>\t\t\t\t<\/div>\n\t\t\t\t<\/div>\n\t\t\t\t<div class=\"elementor-element elementor-element-2200aa8 elementor-widget elementor-widget-text-editor\" data-id=\"2200aa8\" data-element_type=\"widget\" data-e-type=\"widget\" data-widget_type=\"text-editor.default\">\n\t\t\t\t<div class=\"elementor-widget-container\">\n\t\t\t\t\t\t\t\t\t<p>Professionaalse tehnoloogiaga vaakumpakendaja Stollar Vacuum Pro Plus BVS900 on ideaalne mitte ainult tahkete toitude, vaid ka igasuguste vedelike &#8211; kastmete, suppide ja puljongide &#8211; jaoks. Kahekordne suure v\u00f5imsusega pump tagab vaakumimahu 40 l\/min maksimaalse r\u00f5hu &#8211; 0,95 bar juures. Topelt sulatusr\u00f6\u00f6pad, mis sobivad 25 cm laiustele kottidele ja kottirullidele.<\/p>\n\t\t\t\t\t\t\t\t<\/div>\n\t\t\t\t<\/div>\n\t\t\t\t<\/div>\n\t\t<div class=\"elementor-element elementor-element-bdc16d0 e-con-full e-flex e-con e-child\" data-id=\"bdc16d0\" data-element_type=\"container\" data-e-type=\"container\">\n\t\t\t\t<div class=\"elementor-element elementor-element-cfa399d elementor-widget elementor-widget-image\" data-id=\"cfa399d\" data-element_type=\"widget\" data-e-type=\"widget\" data-widget_type=\"image.default\">\n\t\t\t\t<div class=\"elementor-widget-container\">\n\t\t\t\t\t\t\t\t\t\t\t\t\t\t\t<img decoding=\"async\" width=\"1024\" height=\"1024\" src=\"https:\/\/stollar.eu\/wp-content\/uploads\/2024\/06\/bvs900-4-1024x1024.jpg\" class=\"attachment-large size-large wp-image-18770\" alt=\"\" srcset=\"https:\/\/stollar.eu\/wp-content\/uploads\/2024\/06\/bvs900-4-1024x1024.jpg 1024w, https:\/\/stollar.eu\/wp-content\/uploads\/2024\/06\/bvs900-4-300x300.jpg 300w, https:\/\/stollar.eu\/wp-content\/uploads\/2024\/06\/bvs900-4-150x150.jpg 150w, https:\/\/stollar.eu\/wp-content\/uploads\/2024\/06\/bvs900-4-768x768.jpg 768w, https:\/\/stollar.eu\/wp-content\/uploads\/2024\/06\/bvs900-4-1536x1536.jpg 1536w, https:\/\/stollar.eu\/wp-content\/uploads\/2024\/06\/bvs900-4-2048x2048.jpg 2048w, https:\/\/stollar.eu\/wp-content\/uploads\/2024\/06\/bvs900-4-200x200.jpg 200w, https:\/\/stollar.eu\/wp-content\/uploads\/2024\/06\/bvs900-4-623x623.jpg 623w, https:\/\/stollar.eu\/wp-content\/uploads\/2024\/06\/bvs900-4-100x100.jpg 100w\" sizes=\"(max-width: 1024px) 100vw, 1024px\">\t\t\t\t\t\t\t\t\t\t\t\t\t\t\t<\/div>\n\t\t\t\t<\/div>\n\t\t\t\t<\/div>\n\t\t\t\t\t<\/div>\n\t\t\t\t<\/div>\n\t\t\t\t<\/div>\n\t\t","protected":false},"excerpt":{"rendered":"<h3>Professionaalset tehnoloogiat kasutav vaakumpakendaja sobib ideaalselt igasuguste vedelike &#8211; kastmete, suppide ja puljongide &#8211; pakkimiseks.<\/h3>\n<div>\n<ul>\n<li>Kahekordsed sulatusr\u00f6\u00f6pad \u00fcliturvaliste kottide tootmiseks.<\/li>\n<li>Suure v\u00f5imsusega topeltpump tagab maksimaalse vaakumi imemisr\u00f5hu -0,95 bar.<\/li>\n<li>40 l\/min vaakumi imemiskiirus<\/li>\n<li>Eriti turvalised topelt sulatusr\u00f6\u00f6pad, mis sobivad 25 cm laiustele kottidele ja kottirullidele<\/li>\n<li>P\u00f5hjalik juhtpaneel koos LED-progressiindikaatoriga<\/li>\n<li>Toruliitmik kanistrite ja muude tarvikute \u00fchendamiseks.<\/li>\n<li>3-aastane tootegarantii<\/li>\n<\/ul>\n<\/div>\n","protected":false},"featured_media":20544,"template":"","meta":{"_acf_changed":false},"product_brand":[],"product_cat":[441],"product_tag":[],"class_list":{"0":"post-20538","1":"product","2":"type-product","3":"status-publish","4":"has-post-thumbnail","6":"product_cat-vaakumpakendajad","8":"first","9":"instock","10":"taxable","11":"shipping-taxable","12":"purchasable","13":"product-type-simple"},"acf":[],"_links":{"self":[{"href":"https:\/\/stollar.eu\/et\/wp-json\/wp\/v2\/product\/20538","targetHints":{"allow":["GET"]}}],"collection":[{"href":"https:\/\/stollar.eu\/et\/wp-json\/wp\/v2\/product"}],"about":[{"href":"https:\/\/stollar.eu\/et\/wp-json\/wp\/v2\/types\/product"}],"version-history":[{"count":0,"href":"https:\/\/stollar.eu\/et\/wp-json\/wp\/v2\/product\/20538\/revisions"}],"wp:featuredmedia":[{"embeddable":true,"href":"https:\/\/stollar.eu\/et\/wp-json\/wp\/v2\/media\/20544"}],"wp:attachment":[{"href":"https:\/\/stollar.eu\/et\/wp-json\/wp\/v2\/media?parent=20538"}],"wp:term":[{"taxonomy":"product_brand","embeddable":true,"href":"https:\/\/stollar.eu\/et\/wp-json\/wp\/v2\/product_brand?post=20538"},{"taxonomy":"product_cat","embeddable":true,"href":"https:\/\/stollar.eu\/et\/wp-json\/wp\/v2\/product_cat?post=20538"},{"taxonomy":"product_tag","embeddable":true,"href":"https:\/\/stollar.eu\/et\/wp-json\/wp\/v2\/product_tag?post=20538"}],"curies":[{"name":"wp","href":"https:\/\/api.w.org\/{rel}","templated":true}]}}