{"id":20452,"date":"2023-06-01T00:00:00","date_gmt":"2023-05-31T22:00:00","guid":{"rendered":"https:\/\/stollar.eu\/?p=20452"},"modified":"2024-08-01T16:02:44","modified_gmt":"2024-08-01T14:02:44","slug":"the-morning-press-voileivagrill-kps250","status":"publish","type":"product","link":"https:\/\/stollar.eu\/et\/voileivagrillid\/the-morning-press-voileivagrill-kps250\/","title":{"rendered":"the Morning Press v\u00f5ileivagrill KPS250"},"content":{"rendered":"","protected":false},"excerpt":{"rendered":"<h2>Automaatse temperatuurikontrolliga v\u00f5ileivapress 2 viilu jaoks.<\/h2>\n<div>\n<ul>\n<li>V\u00f5imsus 750 W<\/li>\n<li>Nakkumatuid plaate on lihtne puhastada<\/li>\n<li>V\u00f5imsuse ja t\u00f6\u00f6valmis oleku m\u00e4rgutuled<\/li>\n<li>Automaatne temperatuuri reguleerimine:<\/li>\n<li>Tootjagarantii 2 aastat<\/li>\n<\/ul>\n<\/div>\n","protected":false},"featured_media":20457,"template":"","meta":{"_acf_changed":false},"product_brand":[],"product_cat":[482],"product_tag":[],"class_list":{"0":"post-20452","1":"product","2":"type-product","3":"status-publish","4":"has-post-thumbnail","6":"product_cat-voileivagrillid","8":"first","9":"instock","10":"taxable","11":"shipping-taxable","12":"purchasable","13":"product-type-simple"},"acf":[],"_links":{"self":[{"href":"https:\/\/stollar.eu\/et\/wp-json\/wp\/v2\/product\/20452","targetHints":{"allow":["GET"]}}],"collection":[{"href":"https:\/\/stollar.eu\/et\/wp-json\/wp\/v2\/product"}],"about":[{"href":"https:\/\/stollar.eu\/et\/wp-json\/wp\/v2\/types\/product"}],"version-history":[{"count":0,"href":"https:\/\/stollar.eu\/et\/wp-json\/wp\/v2\/product\/20452\/revisions"}],"wp:featuredmedia":[{"embeddable":true,"href":"https:\/\/stollar.eu\/et\/wp-json\/wp\/v2\/media\/20457"}],"wp:attachment":[{"href":"https:\/\/stollar.eu\/et\/wp-json\/wp\/v2\/media?parent=20452"}],"wp:term":[{"taxonomy":"product_brand","embeddable":true,"href":"https:\/\/stollar.eu\/et\/wp-json\/wp\/v2\/product_brand?post=20452"},{"taxonomy":"product_cat","embeddable":true,"href":"https:\/\/stollar.eu\/et\/wp-json\/wp\/v2\/product_cat?post=20452"},{"taxonomy":"product_tag","embeddable":true,"href":"https:\/\/stollar.eu\/et\/wp-json\/wp\/v2\/product_tag?post=20452"}],"curies":[{"name":"wp","href":"https:\/\/api.w.org\/{rel}","templated":true}]}}