{"id":20451,"date":"2023-06-01T00:00:00","date_gmt":"2023-05-31T22:00:00","guid":{"rendered":"https:\/\/stollar.eu\/?p=20451"},"modified":"2024-08-01T16:02:45","modified_gmt":"2024-08-01T14:02:45","slug":"ahi-the-mini-oven-sto713","status":"publish","type":"product","link":"https:\/\/stollar.eu\/et\/kupsetusahjud\/ahi-the-mini-oven-sto713\/","title":{"rendered":"Ahi the Mini Oven STO713"},"content":{"rendered":"","protected":false},"excerpt":{"rendered":"<h2>Kompaktne 13-liitrine elektriahi mehaaniliste juhtnuppudega.<\/h2>\n<div>\n<ul>\n<li>Kompaktne 13-liitrine disain<\/li>\n<li>V\u00f5imsus 1000 W<\/li>\n<li>Katsudes jahedad pinnad tagavad ohutu kasutamise<\/li>\n<li>Puudutades jaheda topeltseinaga uks<\/li>\n<li>Nakkumatu kattega k\u00fcpsetusplaat ja \u00f5\u00f5nsus<\/li>\n<li>60 minuti taimer<\/li>\n<li>Kaks riiulik\u00f5rgust<\/li>\n<li>Sisevalgustus<\/li>\n<li>Tootjagarantii 2 aastat<\/li>\n<\/ul>\n<\/div>\n","protected":false},"featured_media":20455,"template":"","meta":{"_acf_changed":false},"product_brand":[],"product_cat":[477],"product_tag":[],"class_list":{"0":"post-20451","1":"product","2":"type-product","3":"status-publish","4":"has-post-thumbnail","6":"product_cat-kupsetusahjud","8":"first","9":"instock","10":"taxable","11":"shipping-taxable","12":"purchasable","13":"product-type-simple"},"acf":[],"_links":{"self":[{"href":"https:\/\/stollar.eu\/et\/wp-json\/wp\/v2\/product\/20451","targetHints":{"allow":["GET"]}}],"collection":[{"href":"https:\/\/stollar.eu\/et\/wp-json\/wp\/v2\/product"}],"about":[{"href":"https:\/\/stollar.eu\/et\/wp-json\/wp\/v2\/types\/product"}],"version-history":[{"count":0,"href":"https:\/\/stollar.eu\/et\/wp-json\/wp\/v2\/product\/20451\/revisions"}],"wp:featuredmedia":[{"embeddable":true,"href":"https:\/\/stollar.eu\/et\/wp-json\/wp\/v2\/media\/20455"}],"wp:attachment":[{"href":"https:\/\/stollar.eu\/et\/wp-json\/wp\/v2\/media?parent=20451"}],"wp:term":[{"taxonomy":"product_brand","embeddable":true,"href":"https:\/\/stollar.eu\/et\/wp-json\/wp\/v2\/product_brand?post=20451"},{"taxonomy":"product_cat","embeddable":true,"href":"https:\/\/stollar.eu\/et\/wp-json\/wp\/v2\/product_cat?post=20451"},{"taxonomy":"product_tag","embeddable":true,"href":"https:\/\/stollar.eu\/et\/wp-json\/wp\/v2\/product_tag?post=20451"}],"curies":[{"name":"wp","href":"https:\/\/api.w.org\/{rel}","templated":true}]}}