{"id":20373,"date":"2023-06-01T00:00:00","date_gmt":"2023-05-31T22:00:00","guid":{"rendered":"https:\/\/stollar.eu\/?p=20373"},"modified":"2024-08-01T16:02:45","modified_gmt":"2024-08-01T14:02:45","slug":"the-morning-press-voileivagrill-kps350","status":"publish","type":"product","link":"https:\/\/stollar.eu\/et\/voileivagrillid\/the-morning-press-voileivagrill-kps350\/","title":{"rendered":"the Morning Press v\u00f5ileivagrill KPS350"},"content":{"rendered":"","protected":false},"excerpt":{"rendered":"<h2>Kolm-\u00fches v\u00f5ileivagrill eemaldatavate v\u00f5ileiva-, vahvli- ja grilliplaatidega.<\/h2>\n<div>\n<ul>\n<li>V\u00f5imsus 800 W<\/li>\n<li>Eemaldatavaid nakkumatuid plaate on lihtne puhastada<\/li>\n<li>V\u00f5imsuse ja t\u00f6\u00f6valmis oleku m\u00e4rgutuled<\/li>\n<li>Automaatne temperatuuri reguleerimine:<\/li>\n<li>Moodne roostevabast terasest disain<\/li>\n<li>Tootjagarantii 2 aastat<\/li>\n<\/ul>\n<\/div>\n","protected":false},"featured_media":20377,"template":"","meta":{"_acf_changed":false},"product_brand":[],"product_cat":[482],"product_tag":[],"class_list":{"0":"post-20373","1":"product","2":"type-product","3":"status-publish","4":"has-post-thumbnail","6":"product_cat-voileivagrillid","8":"first","9":"instock","10":"taxable","11":"shipping-taxable","12":"purchasable","13":"product-type-simple"},"acf":[],"_links":{"self":[{"href":"https:\/\/stollar.eu\/et\/wp-json\/wp\/v2\/product\/20373","targetHints":{"allow":["GET"]}}],"collection":[{"href":"https:\/\/stollar.eu\/et\/wp-json\/wp\/v2\/product"}],"about":[{"href":"https:\/\/stollar.eu\/et\/wp-json\/wp\/v2\/types\/product"}],"version-history":[{"count":0,"href":"https:\/\/stollar.eu\/et\/wp-json\/wp\/v2\/product\/20373\/revisions"}],"wp:featuredmedia":[{"embeddable":true,"href":"https:\/\/stollar.eu\/et\/wp-json\/wp\/v2\/media\/20377"}],"wp:attachment":[{"href":"https:\/\/stollar.eu\/et\/wp-json\/wp\/v2\/media?parent=20373"}],"wp:term":[{"taxonomy":"product_brand","embeddable":true,"href":"https:\/\/stollar.eu\/et\/wp-json\/wp\/v2\/product_brand?post=20373"},{"taxonomy":"product_cat","embeddable":true,"href":"https:\/\/stollar.eu\/et\/wp-json\/wp\/v2\/product_cat?post=20373"},{"taxonomy":"product_tag","embeddable":true,"href":"https:\/\/stollar.eu\/et\/wp-json\/wp\/v2\/product_tag?post=20373"}],"curies":[{"name":"wp","href":"https:\/\/api.w.org\/{rel}","templated":true}]}}