{"id":20299,"date":"2023-06-01T00:00:00","date_gmt":"2023-05-31T22:00:00","guid":{"rendered":"https:\/\/stollar.eu\/maaratlemata\/power-grind-bmg430-lihahakklihamasin\/"},"modified":"2024-08-01T16:02:55","modified_gmt":"2024-08-01T14:02:55","slug":"the-power-grind-hakklihamasin-bmg430","status":"publish","type":"product","link":"https:\/\/stollar.eu\/et\/hakklihamasinad\/the-power-grind-hakklihamasin-bmg430\/","title":{"rendered":"The Power Grind hakklihamasin BMG430"},"content":{"rendered":"","protected":false},"excerpt":{"rendered":"<h2>V\u00f5imas 1350 W hakklihamasin kahe roostevabast terasest riivimiskettaga.<\/h2>\n<div>\n<ul>\n<li>1350 W tippv\u00f5imsus<\/li>\n<li>Sisse-v\u00e4lja l\u00fclitamise ja tagurpidik\u00e4igu re\u017eiimi nupud<\/li>\n<li>H\u00f5lpsalt puhastatav suur metallist t\u00e4itetoru<\/li>\n<li>H\u00f5lpsalt kasutatav vorstitarvik<\/li>\n<li>Roostevabast terasest kettad (j\u00e4me ja peen)<\/li>\n<li>Termokaitsel\u00fcliti<\/li>\n<li>Tootjagarantii 3 aastat<\/li>\n<\/ul>\n<\/div>\n","protected":false},"featured_media":20300,"template":"","meta":{"_acf_changed":false},"product_brand":[],"product_cat":[427],"product_tag":[],"class_list":{"0":"post-20299","1":"product","2":"type-product","3":"status-publish","4":"has-post-thumbnail","6":"product_cat-hakklihamasinad","8":"first","9":"instock","10":"taxable","11":"shipping-taxable","12":"purchasable","13":"product-type-simple"},"acf":[],"_links":{"self":[{"href":"https:\/\/stollar.eu\/et\/wp-json\/wp\/v2\/product\/20299","targetHints":{"allow":["GET"]}}],"collection":[{"href":"https:\/\/stollar.eu\/et\/wp-json\/wp\/v2\/product"}],"about":[{"href":"https:\/\/stollar.eu\/et\/wp-json\/wp\/v2\/types\/product"}],"version-history":[{"count":0,"href":"https:\/\/stollar.eu\/et\/wp-json\/wp\/v2\/product\/20299\/revisions"}],"wp:featuredmedia":[{"embeddable":true,"href":"https:\/\/stollar.eu\/et\/wp-json\/wp\/v2\/media\/20300"}],"wp:attachment":[{"href":"https:\/\/stollar.eu\/et\/wp-json\/wp\/v2\/media?parent=20299"}],"wp:term":[{"taxonomy":"product_brand","embeddable":true,"href":"https:\/\/stollar.eu\/et\/wp-json\/wp\/v2\/product_brand?post=20299"},{"taxonomy":"product_cat","embeddable":true,"href":"https:\/\/stollar.eu\/et\/wp-json\/wp\/v2\/product_cat?post=20299"},{"taxonomy":"product_tag","embeddable":true,"href":"https:\/\/stollar.eu\/et\/wp-json\/wp\/v2\/product_tag?post=20299"}],"curies":[{"name":"wp","href":"https:\/\/api.w.org\/{rel}","templated":true}]}}