{"id":20230,"date":"2023-06-01T00:00:00","date_gmt":"2023-05-31T22:00:00","guid":{"rendered":"https:\/\/stollar.eu\/maaratlemata\/pihusegisti-shb610\/"},"modified":"2024-08-01T16:02:56","modified_gmt":"2024-08-01T14:02:56","slug":"the-hand-blender-kasimikser-shb610","status":"publish","type":"product","link":"https:\/\/stollar.eu\/et\/kasiblenderid\/the-hand-blender-kasimikser-shb610\/","title":{"rendered":"the Hand Blender k\u00e4simikser SHB610"},"content":{"rendered":"","protected":false},"excerpt":{"rendered":"<h2>V\u00f5imas k\u00e4simikser ergonoomilise k\u00e4epideme ja turbokiiruse nupuga<\/h2>\n<div>\n<ul>\n<li>Kiiruse reguleerimisseadis t\u00e4pseks purustamiseks ja segamiseks ning t\u00f6\u00f6tlemiseks<\/li>\n<li>Turbokiiruse nupp maksimumv\u00f5imsuse tagamiseks<\/li>\n<li>V\u00f5imas 800 W mootor<\/li>\n<li>Roostevabast terasest varrega saab purustada ja segada nii kuumi kui ka k\u00fclmi koostisaineid<\/li>\n<li>0,8-liitrine m\u00f5\u00f5teanum koos libisemiskindla mati \/ kaanega<\/li>\n<li>Roostevabast terasest vispel h\u00f5lpsaks kloppimiseks ja segamiseks<\/li>\n<li>Ergonoomiline mugav k\u00e4epide<\/li>\n<li>Tootjagarantii 2 aastat<\/li>\n<\/ul>\n<\/div>\n","protected":false},"featured_media":20236,"template":"","meta":{"_acf_changed":false},"product_brand":[],"product_cat":[453],"product_tag":[],"class_list":{"0":"post-20230","1":"product","2":"type-product","3":"status-publish","4":"has-post-thumbnail","6":"product_cat-kasiblenderid","8":"first","9":"instock","10":"taxable","11":"shipping-taxable","12":"purchasable","13":"product-type-simple"},"acf":[],"_links":{"self":[{"href":"https:\/\/stollar.eu\/et\/wp-json\/wp\/v2\/product\/20230","targetHints":{"allow":["GET"]}}],"collection":[{"href":"https:\/\/stollar.eu\/et\/wp-json\/wp\/v2\/product"}],"about":[{"href":"https:\/\/stollar.eu\/et\/wp-json\/wp\/v2\/types\/product"}],"version-history":[{"count":0,"href":"https:\/\/stollar.eu\/et\/wp-json\/wp\/v2\/product\/20230\/revisions"}],"wp:featuredmedia":[{"embeddable":true,"href":"https:\/\/stollar.eu\/et\/wp-json\/wp\/v2\/media\/20236"}],"wp:attachment":[{"href":"https:\/\/stollar.eu\/et\/wp-json\/wp\/v2\/media?parent=20230"}],"wp:term":[{"taxonomy":"product_brand","embeddable":true,"href":"https:\/\/stollar.eu\/et\/wp-json\/wp\/v2\/product_brand?post=20230"},{"taxonomy":"product_cat","embeddable":true,"href":"https:\/\/stollar.eu\/et\/wp-json\/wp\/v2\/product_cat?post=20230"},{"taxonomy":"product_tag","embeddable":true,"href":"https:\/\/stollar.eu\/et\/wp-json\/wp\/v2\/product_tag?post=20230"}],"curies":[{"name":"wp","href":"https:\/\/api.w.org\/{rel}","templated":true}]}}