{"id":20229,"date":"2023-06-01T00:00:00","date_gmt":"2023-05-31T22:00:00","guid":{"rendered":"https:\/\/stollar.eu\/maaratlemata\/power-grind-lihaveski-bmg740\/"},"modified":"2025-03-11T17:31:38","modified_gmt":"2025-03-11T15:31:38","slug":"the-power-grind-hakklihamasin-bmg740","status":"publish","type":"product","link":"https:\/\/stollar.eu\/et\/hakklihamasinad\/the-power-grind-hakklihamasin-bmg740\/","title":{"rendered":"The Power Grind hakklihamasin BMG740"},"content":{"rendered":"","protected":false},"excerpt":{"rendered":"<h2>V\u00f5imas 1600 W hakklihamasin koos vastupidava metallmehhanismi ja kvaliteetse p\u00f6\u00f6rleva toidul\u00f5ikuriga.<\/h2>\n<div>\n<ul>\n<li>Maksimumv\u00f5imsus: 1600 W<\/li>\n<li>J\u00e4ik alumiiniumvalust korpus<\/li>\n<li>Vastupidav metallmehhanism<\/li>\n<li>Kaks kiirust ja tagurpidire\u017eiim<\/li>\n<li>P\u00f6\u00f6rlev toidul\u00f5ikur viilutamiseks, ribastamiseks ja riivimiseks<\/li>\n<li>3 jahvatustera<\/li>\n<li>Varjatud r\u00f5ngas ketaste ja tarvikute hoidmiseks<\/li>\n<li>Tootjagarantii 3 aastat<\/li>\n<\/ul>\n<\/div>\n","protected":false},"featured_media":20235,"template":"","meta":{"_acf_changed":false},"product_brand":[],"product_cat":[427],"product_tag":[],"class_list":{"0":"post-20229","1":"product","2":"type-product","3":"status-publish","4":"has-post-thumbnail","6":"product_cat-hakklihamasinad","8":"first","9":"instock","10":"taxable","11":"shipping-taxable","12":"purchasable","13":"product-type-simple"},"acf":[],"_links":{"self":[{"href":"https:\/\/stollar.eu\/et\/wp-json\/wp\/v2\/product\/20229","targetHints":{"allow":["GET"]}}],"collection":[{"href":"https:\/\/stollar.eu\/et\/wp-json\/wp\/v2\/product"}],"about":[{"href":"https:\/\/stollar.eu\/et\/wp-json\/wp\/v2\/types\/product"}],"version-history":[{"count":0,"href":"https:\/\/stollar.eu\/et\/wp-json\/wp\/v2\/product\/20229\/revisions"}],"wp:featuredmedia":[{"embeddable":true,"href":"https:\/\/stollar.eu\/et\/wp-json\/wp\/v2\/media\/20235"}],"wp:attachment":[{"href":"https:\/\/stollar.eu\/et\/wp-json\/wp\/v2\/media?parent=20229"}],"wp:term":[{"taxonomy":"product_brand","embeddable":true,"href":"https:\/\/stollar.eu\/et\/wp-json\/wp\/v2\/product_brand?post=20229"},{"taxonomy":"product_cat","embeddable":true,"href":"https:\/\/stollar.eu\/et\/wp-json\/wp\/v2\/product_cat?post=20229"},{"taxonomy":"product_tag","embeddable":true,"href":"https:\/\/stollar.eu\/et\/wp-json\/wp\/v2\/product_tag?post=20229"}],"curies":[{"name":"wp","href":"https:\/\/api.w.org\/{rel}","templated":true}]}}