{"id":20211,"date":"2023-06-01T00:00:00","date_gmt":"2023-05-31T22:00:00","guid":{"rendered":"https:\/\/stollar.eu\/maaratlemata\/power-grind-lihaveski-bmg570\/"},"modified":"2024-08-01T16:02:56","modified_gmt":"2024-08-01T14:02:56","slug":"the-power-grind-hakklihamasin-bmg570","status":"publish","type":"product","link":"https:\/\/stollar.eu\/et\/hakklihamasinad\/the-power-grind-hakklihamasin-bmg570\/","title":{"rendered":"The Power Grind hakklihamasin BMG570"},"content":{"rendered":"","protected":false},"excerpt":{"rendered":"<h2>V\u00f5imas 1650W hakklihamasin koos vastupidava metallmehhanismi ja kvaliteetse p\u00f6\u00f6rleva toidul\u00f5ikuriga.<\/h2>\n<div>\n<ul>\n<li>1650 W tippv\u00f5imsus<\/li>\n<li>Vastupidavad metallosad tagavad seadme pika eluea<\/li>\n<li>V\u00f5imsuse, kiiruse reguleerimise ja tagurpidik\u00e4igu re\u017eiimi nupud<\/li>\n<li>H\u00f5lpsalt puhastatav suur metallist t\u00e4itetoru<\/li>\n<li>H\u00f5lpsalt kasutatav vorstitarvik<\/li>\n<li>P\u00f6\u00f6rlev toidul\u00f5ikur<\/li>\n<li>viilutamise, riivimise ja ribastamise trumlitega<\/li>\n<li>Roostevabast terasest kettad (j\u00e4me ja peen)<\/li>\n<li>Termokaitsel\u00fcliti<\/li>\n<li>Tootjagarantii 3 aastat<\/li>\n<\/ul>\n<\/div>\n","protected":false},"featured_media":20216,"template":"","meta":{"_acf_changed":false},"product_brand":[],"product_cat":[427],"product_tag":[],"class_list":{"0":"post-20211","1":"product","2":"type-product","3":"status-publish","4":"has-post-thumbnail","6":"product_cat-hakklihamasinad","8":"first","9":"instock","10":"taxable","11":"shipping-taxable","12":"purchasable","13":"product-type-simple"},"acf":[],"_links":{"self":[{"href":"https:\/\/stollar.eu\/et\/wp-json\/wp\/v2\/product\/20211","targetHints":{"allow":["GET"]}}],"collection":[{"href":"https:\/\/stollar.eu\/et\/wp-json\/wp\/v2\/product"}],"about":[{"href":"https:\/\/stollar.eu\/et\/wp-json\/wp\/v2\/types\/product"}],"version-history":[{"count":0,"href":"https:\/\/stollar.eu\/et\/wp-json\/wp\/v2\/product\/20211\/revisions"}],"wp:featuredmedia":[{"embeddable":true,"href":"https:\/\/stollar.eu\/et\/wp-json\/wp\/v2\/media\/20216"}],"wp:attachment":[{"href":"https:\/\/stollar.eu\/et\/wp-json\/wp\/v2\/media?parent=20211"}],"wp:term":[{"taxonomy":"product_brand","embeddable":true,"href":"https:\/\/stollar.eu\/et\/wp-json\/wp\/v2\/product_brand?post=20211"},{"taxonomy":"product_cat","embeddable":true,"href":"https:\/\/stollar.eu\/et\/wp-json\/wp\/v2\/product_cat?post=20211"},{"taxonomy":"product_tag","embeddable":true,"href":"https:\/\/stollar.eu\/et\/wp-json\/wp\/v2\/product_tag?post=20211"}],"curies":[{"name":"wp","href":"https:\/\/api.w.org\/{rel}","templated":true}]}}