{"id":19989,"date":"2023-06-01T00:00:00","date_gmt":"2023-05-31T22:00:00","guid":{"rendered":"https:\/\/stollar.eu\/maaratlemata\/mikser-kasi-ja-seisusegisti-rms400\/"},"modified":"2024-08-01T16:03:07","modified_gmt":"2024-08-01T14:03:07","slug":"mikser-kasi-ja-seisusegisti-rms400","status":"publish","type":"product","link":"https:\/\/stollar.eu\/et\/kasimikserid\/mikser-kasi-ja-seisusegisti-rms400\/","title":{"rendered":"Mikser the Hand &#038; Stand Mixer RMS400"},"content":{"rendered":"","protected":false},"excerpt":{"rendered":"<h2>400 W kahe funktsiooniga mikser p\u00f6\u00f6rleva 3,5-liitrise anumaga.<\/h2>\n<div>\n<ul>\n<li>V\u00f5imas 400 W mootor<\/li>\n<li>Osadeks lahti v\u00f5etav k\u00e4simikser mitmek\u00fclgseks kasutamiseks k\u00f6\u00f6gis<\/li>\n<li>Viis kiiruseseadistust ja turbofunktsioon erinevate koostisainete segamiseks, tampimiseks v\u00f5i vahustamiseks<\/li>\n<li>Suur 3,5-liitrine p\u00f6\u00f6rlev roostevabast terasest anum, mida saab pidevalt k\u00e4ed-vabad viisil kasutada<\/li>\n<li>Tainakonksud leiva- v\u00f5i pastataina valmistamiseks<\/li>\n<li>Visplid munavalgete, k\u00fcpsise- v\u00f5i koogitaina tegemises<\/li>\n<li>Iminapaga alusega mikser tagab turvalise ja kindla p\u00fcsimise aluspinnal<\/li>\n<li>Tootjagarantii 2 aastat<\/li>\n<\/ul>\n<\/div>\n","protected":false},"featured_media":19995,"template":"","meta":{"_acf_changed":false},"product_brand":[],"product_cat":[447],"product_tag":[],"class_list":{"0":"post-19989","1":"product","2":"type-product","3":"status-publish","4":"has-post-thumbnail","6":"product_cat-kasimikserid","8":"first","9":"instock","10":"taxable","11":"shipping-taxable","12":"purchasable","13":"product-type-simple"},"acf":[],"_links":{"self":[{"href":"https:\/\/stollar.eu\/et\/wp-json\/wp\/v2\/product\/19989","targetHints":{"allow":["GET"]}}],"collection":[{"href":"https:\/\/stollar.eu\/et\/wp-json\/wp\/v2\/product"}],"about":[{"href":"https:\/\/stollar.eu\/et\/wp-json\/wp\/v2\/types\/product"}],"version-history":[{"count":0,"href":"https:\/\/stollar.eu\/et\/wp-json\/wp\/v2\/product\/19989\/revisions"}],"wp:featuredmedia":[{"embeddable":true,"href":"https:\/\/stollar.eu\/et\/wp-json\/wp\/v2\/media\/19995"}],"wp:attachment":[{"href":"https:\/\/stollar.eu\/et\/wp-json\/wp\/v2\/media?parent=19989"}],"wp:term":[{"taxonomy":"product_brand","embeddable":true,"href":"https:\/\/stollar.eu\/et\/wp-json\/wp\/v2\/product_brand?post=19989"},{"taxonomy":"product_cat","embeddable":true,"href":"https:\/\/stollar.eu\/et\/wp-json\/wp\/v2\/product_cat?post=19989"},{"taxonomy":"product_tag","embeddable":true,"href":"https:\/\/stollar.eu\/et\/wp-json\/wp\/v2\/product_tag?post=19989"}],"curies":[{"name":"wp","href":"https:\/\/api.w.org\/{rel}","templated":true}]}}