{"id":19876,"date":"2023-06-01T00:00:00","date_gmt":"2023-05-31T22:00:00","guid":{"rendered":"https:\/\/stollar.eu\/maaratlemata\/leivakupsetaja-leivaahi-stollar-mcs520\/"},"modified":"2024-08-01T16:03:09","modified_gmt":"2024-08-01T14:03:09","slug":"the-bread-maker-leivakupsetaja-mcs520","status":"publish","type":"product","link":"https:\/\/stollar.eu\/et\/leivakupsetajad\/the-bread-maker-leivakupsetaja-mcs520\/","title":{"rendered":"the Bread Maker leivak\u00fcpsetaja MCS520"},"content":{"rendered":"","protected":false},"excerpt":{"rendered":"<h2>H\u00f5lpsalt kasutatav automaatne leivak\u00fcpsetaja.<\/h2>\n<div>\n<ul>\n<li>710 W v\u00f5imas mootor ja k\u00fctteelement<\/li>\n<li>17 automaatprogrammi<\/li>\n<li>Kolm leivap\u00e4tsi suurust: 500 g, 750 g &amp; 1 kg<\/li>\n<li>60-minutine soojashoidmisfunktsioon<\/li>\n<li>15 tunniks eelseadistatav taimer<\/li>\n<li>Leivap\u00e4tsi kooriku v\u00e4rvuse reguleerimine: hele, keskmine, tume<\/li>\n<li>Taustavalgusega LCD-ekraan<\/li>\n<li>Marjade, seemnete ja p\u00e4hklite automaatjaotur<\/li>\n<li>Roostevabast terasest korpus<\/li>\n<li>Eemaldatavat nakkumatut anumat on lihtne puhastada.<\/li>\n<li>Tootjagarantii 2 aastat<\/li>\n<\/ul>\n<\/div>\n","protected":false},"featured_media":19880,"template":"","meta":{"_acf_changed":false},"product_brand":[],"product_cat":[439],"product_tag":[],"class_list":{"0":"post-19876","1":"product","2":"type-product","3":"status-publish","4":"has-post-thumbnail","6":"product_cat-leivakupsetajad","8":"first","9":"instock","10":"taxable","11":"shipping-taxable","12":"purchasable","13":"product-type-simple"},"acf":[],"_links":{"self":[{"href":"https:\/\/stollar.eu\/et\/wp-json\/wp\/v2\/product\/19876","targetHints":{"allow":["GET"]}}],"collection":[{"href":"https:\/\/stollar.eu\/et\/wp-json\/wp\/v2\/product"}],"about":[{"href":"https:\/\/stollar.eu\/et\/wp-json\/wp\/v2\/types\/product"}],"version-history":[{"count":0,"href":"https:\/\/stollar.eu\/et\/wp-json\/wp\/v2\/product\/19876\/revisions"}],"wp:featuredmedia":[{"embeddable":true,"href":"https:\/\/stollar.eu\/et\/wp-json\/wp\/v2\/media\/19880"}],"wp:attachment":[{"href":"https:\/\/stollar.eu\/et\/wp-json\/wp\/v2\/media?parent=19876"}],"wp:term":[{"taxonomy":"product_brand","embeddable":true,"href":"https:\/\/stollar.eu\/et\/wp-json\/wp\/v2\/product_brand?post=19876"},{"taxonomy":"product_cat","embeddable":true,"href":"https:\/\/stollar.eu\/et\/wp-json\/wp\/v2\/product_cat?post=19876"},{"taxonomy":"product_tag","embeddable":true,"href":"https:\/\/stollar.eu\/et\/wp-json\/wp\/v2\/product_tag?post=19876"}],"curies":[{"name":"wp","href":"https:\/\/api.w.org\/{rel}","templated":true}]}}