{"id":19851,"date":"2023-06-01T00:00:00","date_gmt":"2023-05-31T22:00:00","guid":{"rendered":"https:\/\/stollar.eu\/maaratlemata\/cafe-clean-kohvimasina-puhastustabletid-scc100\/"},"modified":"2024-08-01T16:03:09","modified_gmt":"2024-08-01T14:03:09","slug":"cafe-clean-kohvimasina-puhastustabletid-scc100","status":"publish","type":"product","link":"https:\/\/stollar.eu\/et\/tarvikud\/cafe-clean-kohvimasina-puhastustabletid-scc100\/","title":{"rendered":"the Caf\u00e9 Clean kohvimasina puhastustabletid SCC100"},"content":{"rendered":"","protected":false},"excerpt":{"rendered":"<h2>Eemaldavad kohvimasinatest t\u00e4ielikult kohvij\u00e4\u00e4gid, v\u00f5imaldades valmistada parima v\u00f5imaliku maitsega kohvi.<\/h2>\n<div>\n<ul>\n<li>Eemaldavad niinimetatud &#8220;l\u00f5hnatapja&#8221; \u2013 kohviubades leiduvad looduslikud eeterlikud \u00f5lid.<\/li>\n<li>Keskkonnas\u00e4\u00e4stlikud, ei j\u00e4ta fosfaadij\u00e4\u00e4ke.<\/li>\n<\/ul>\n<\/div>\n","protected":false},"featured_media":19870,"template":"","meta":{"_acf_changed":false},"product_brand":[],"product_cat":[438],"product_tag":[],"class_list":{"0":"post-19851","1":"product","2":"type-product","3":"status-publish","4":"has-post-thumbnail","6":"product_cat-tarvikud","8":"first","9":"instock","10":"taxable","11":"shipping-taxable","12":"purchasable","13":"product-type-simple"},"acf":[],"_links":{"self":[{"href":"https:\/\/stollar.eu\/et\/wp-json\/wp\/v2\/product\/19851","targetHints":{"allow":["GET"]}}],"collection":[{"href":"https:\/\/stollar.eu\/et\/wp-json\/wp\/v2\/product"}],"about":[{"href":"https:\/\/stollar.eu\/et\/wp-json\/wp\/v2\/types\/product"}],"version-history":[{"count":0,"href":"https:\/\/stollar.eu\/et\/wp-json\/wp\/v2\/product\/19851\/revisions"}],"wp:featuredmedia":[{"embeddable":true,"href":"https:\/\/stollar.eu\/et\/wp-json\/wp\/v2\/media\/19870"}],"wp:attachment":[{"href":"https:\/\/stollar.eu\/et\/wp-json\/wp\/v2\/media?parent=19851"}],"wp:term":[{"taxonomy":"product_brand","embeddable":true,"href":"https:\/\/stollar.eu\/et\/wp-json\/wp\/v2\/product_brand?post=19851"},{"taxonomy":"product_cat","embeddable":true,"href":"https:\/\/stollar.eu\/et\/wp-json\/wp\/v2\/product_cat?post=19851"},{"taxonomy":"product_tag","embeddable":true,"href":"https:\/\/stollar.eu\/et\/wp-json\/wp\/v2\/product_tag?post=19851"}],"curies":[{"name":"wp","href":"https:\/\/api.w.org\/{rel}","templated":true}]}}