{"id":19807,"date":"2023-06-01T00:00:00","date_gmt":"2023-05-31T22:00:00","guid":{"rendered":"https:\/\/stollar.eu\/maaratlemata\/rapid-food-dryer-toidukuivati-dhs600\/"},"modified":"2024-08-01T16:03:22","modified_gmt":"2024-08-01T14:03:22","slug":"the-rapid-food-dryer-toidukuivati-dhs600","status":"publish","type":"product","link":"https:\/\/stollar.eu\/et\/toidukuivatid\/the-rapid-food-dryer-toidukuivati-dhs600\/","title":{"rendered":"the Rapid Food Dryer toidukuivati DHS600"},"content":{"rendered":"","protected":false},"excerpt":{"rendered":"<h3>V\u00f5imas 400W toiduaine deh\u00fcdraator BPA-vabade kuivatusrestidega.<\/h3>\n<div>\n<ul>\n<li>24-tunnise taimeri seadistamine<\/li>\n<li>V\u00f5imas 400W k\u00fcttekeha<\/li>\n<li>Reguleeritav temperatuur 35-70\u00b0C<\/li>\n<li>5 BPA-vaba kuivatusraami, mis on n\u00f5udepesumasinas pestavad<\/li>\n<li>T\u00f5hus 360\u00b0 kuuma \u00f5hu ringluse s\u00fcsteem 12,7 cm ventilaatoriga<\/li>\n<li>Reguleeritav vaheriiulite k\u00f5rgus (riiulite p\u00f6\u00f6ramine 180\u00b0 horisontaalselt)<\/li>\n<li>Lihtsalt kasutatav juhtpaneel koos informatiivse LED-ekraaniga<\/li>\n<li>Automaatne v\u00e4ljal\u00fclitamine<\/li>\n<li>3-aastane tootegarantii<\/li>\n<\/ul>\n<\/div>\n","protected":false},"featured_media":19813,"template":"","meta":{"_acf_changed":false},"product_brand":[],"product_cat":[421],"product_tag":[],"class_list":{"0":"post-19807","1":"product","2":"type-product","3":"status-publish","4":"has-post-thumbnail","6":"product_cat-toidukuivatid","8":"first","9":"instock","10":"taxable","11":"shipping-taxable","12":"purchasable","13":"product-type-simple"},"acf":[],"_links":{"self":[{"href":"https:\/\/stollar.eu\/et\/wp-json\/wp\/v2\/product\/19807","targetHints":{"allow":["GET"]}}],"collection":[{"href":"https:\/\/stollar.eu\/et\/wp-json\/wp\/v2\/product"}],"about":[{"href":"https:\/\/stollar.eu\/et\/wp-json\/wp\/v2\/types\/product"}],"version-history":[{"count":0,"href":"https:\/\/stollar.eu\/et\/wp-json\/wp\/v2\/product\/19807\/revisions"}],"wp:featuredmedia":[{"embeddable":true,"href":"https:\/\/stollar.eu\/et\/wp-json\/wp\/v2\/media\/19813"}],"wp:attachment":[{"href":"https:\/\/stollar.eu\/et\/wp-json\/wp\/v2\/media?parent=19807"}],"wp:term":[{"taxonomy":"product_brand","embeddable":true,"href":"https:\/\/stollar.eu\/et\/wp-json\/wp\/v2\/product_brand?post=19807"},{"taxonomy":"product_cat","embeddable":true,"href":"https:\/\/stollar.eu\/et\/wp-json\/wp\/v2\/product_cat?post=19807"},{"taxonomy":"product_tag","embeddable":true,"href":"https:\/\/stollar.eu\/et\/wp-json\/wp\/v2\/product_tag?post=19807"}],"curies":[{"name":"wp","href":"https:\/\/api.w.org\/{rel}","templated":true}]}}