{"id":19801,"date":"2023-06-01T00:00:00","date_gmt":"2023-05-31T22:00:00","guid":{"rendered":"https:\/\/stollar.eu\/maaratlemata\/smart-air-fry-aerogrils-air745\/"},"modified":"2025-03-11T17:33:20","modified_gmt":"2025-03-11T15:33:20","slug":"ohkfritter-the-smart-air-fry-air745","status":"publish","type":"product","link":"https:\/\/stollar.eu\/et\/kuumaohufrituurid\/ohkfritter-the-smart-air-fry-air745\/","title":{"rendered":"\u00d5hkfritter the Smart Air Fry AIR745"},"content":{"rendered":"","protected":false},"excerpt":{"rendered":"<h2>4,5-liitrise korviga \u00f5hkfritter mugavate puutetundlike juhtnuppudega. Kuuma \u00f5hu ringluse s\u00fcsteemiga Smart Air Fry saate praadida, k\u00fcpsetada, grillida, r\u00f6stida, keeta ja soojendada tervislikke rasvavabu eineid kogu perele.<\/h2>\n<div>\n<ul>\n<li>8 eelseadistatud programmi<\/li>\n<li>Suur v\u00f5imsus 1500 W<\/li>\n<li>4,5-liitrine mahukas tkorv<\/li>\n<li>Temperatuur 80\u2013200 \u00b0C<\/li>\n<li>30 minuti taimer<\/li>\n<li>Kiire kuuma \u00f5hu ringluse s\u00fcsteem<\/li>\n<li>Suur LCD-ekraan<\/li>\n<li>Puutetundlikud juhtnupud<\/li>\n<li>\u00dclekuumenemiskaitse<\/li>\n<li>Tootjagarantii 2 aastat<\/li>\n<\/ul>\n<\/div>\n","protected":false},"featured_media":19811,"template":"","meta":{"_acf_changed":false},"product_brand":[],"product_cat":[432],"product_tag":[],"class_list":{"0":"post-19801","1":"product","2":"type-product","3":"status-publish","4":"has-post-thumbnail","6":"product_cat-kuumaohufrituurid","8":"first","9":"instock","10":"taxable","11":"shipping-taxable","12":"purchasable","13":"product-type-simple"},"acf":[],"_links":{"self":[{"href":"https:\/\/stollar.eu\/et\/wp-json\/wp\/v2\/product\/19801","targetHints":{"allow":["GET"]}}],"collection":[{"href":"https:\/\/stollar.eu\/et\/wp-json\/wp\/v2\/product"}],"about":[{"href":"https:\/\/stollar.eu\/et\/wp-json\/wp\/v2\/types\/product"}],"version-history":[{"count":0,"href":"https:\/\/stollar.eu\/et\/wp-json\/wp\/v2\/product\/19801\/revisions"}],"wp:featuredmedia":[{"embeddable":true,"href":"https:\/\/stollar.eu\/et\/wp-json\/wp\/v2\/media\/19811"}],"wp:attachment":[{"href":"https:\/\/stollar.eu\/et\/wp-json\/wp\/v2\/media?parent=19801"}],"wp:term":[{"taxonomy":"product_brand","embeddable":true,"href":"https:\/\/stollar.eu\/et\/wp-json\/wp\/v2\/product_brand?post=19801"},{"taxonomy":"product_cat","embeddable":true,"href":"https:\/\/stollar.eu\/et\/wp-json\/wp\/v2\/product_cat?post=19801"},{"taxonomy":"product_tag","embeddable":true,"href":"https:\/\/stollar.eu\/et\/wp-json\/wp\/v2\/product_tag?post=19801"}],"curies":[{"name":"wp","href":"https:\/\/api.w.org\/{rel}","templated":true}]}}