{"id":19763,"date":"2023-06-01T00:00:00","date_gmt":"2023-05-31T22:00:00","guid":{"rendered":"https:\/\/stollar.eu\/maaratlemata\/power-grind-bmg900-lihahakklihamasin\/"},"modified":"2025-03-11T17:32:24","modified_gmt":"2025-03-11T15:32:24","slug":"the-power-grind-hakklihamasin-bmg900","status":"publish","type":"product","link":"https:\/\/stollar.eu\/et\/hakklihamasinad\/the-power-grind-hakklihamasin-bmg900\/","title":{"rendered":"the Power Grind hakklihamasin BMG900"},"content":{"rendered":"","protected":false},"excerpt":{"rendered":"<h2>V\u00f5imas 2500 W hakklihamasin koos vastupidava metallmehhanismi ja kvaliteetse p\u00f6\u00f6rleva toidul\u00f5ikuriga.<\/h2>\n<div>\n<ul>\n<li>2500 W tippv\u00f5imsus<\/li>\n<li>LCD-teabeekraan taimeri ja tagurpidi p\u00f6\u00f6rlemise re\u017eiimiga, kiiruse reguleerimise ja k\u00e4ivitamise-seiskamise nuppudega<\/li>\n<li>J\u00e4ik alumiiniumvalust korpus<\/li>\n<li>T\u00e4ismetallist k\u00e4igumehhanism<\/li>\n<li>Vastupidavad metallosad tagavad seadme pika eluea<\/li>\n<li>P\u00f6\u00f6rlev toidul\u00f5ikur viilutamise, riivimise ja ribastamise trumlitega ja vajutajaga eriti turvaliseks kasutamiseks<\/li>\n<li>H\u00f5lpsalt kasutatav vorstitarvik sobib ideaalselt erinevate vorstikeste valmistamiseks<\/li>\n<li>Termokaitsel\u00fcliti<\/li>\n<li>Tootjagarantii 3 aastat<\/li>\n<\/ul>\n<\/div>\n","protected":false},"featured_media":19777,"template":"","meta":{"_acf_changed":false},"product_brand":[],"product_cat":[427],"product_tag":[],"class_list":{"0":"post-19763","1":"product","2":"type-product","3":"status-publish","4":"has-post-thumbnail","6":"product_cat-hakklihamasinad","8":"first","9":"instock","10":"taxable","11":"shipping-taxable","12":"purchasable","13":"product-type-simple"},"acf":[],"_links":{"self":[{"href":"https:\/\/stollar.eu\/et\/wp-json\/wp\/v2\/product\/19763","targetHints":{"allow":["GET"]}}],"collection":[{"href":"https:\/\/stollar.eu\/et\/wp-json\/wp\/v2\/product"}],"about":[{"href":"https:\/\/stollar.eu\/et\/wp-json\/wp\/v2\/types\/product"}],"version-history":[{"count":0,"href":"https:\/\/stollar.eu\/et\/wp-json\/wp\/v2\/product\/19763\/revisions"}],"wp:featuredmedia":[{"embeddable":true,"href":"https:\/\/stollar.eu\/et\/wp-json\/wp\/v2\/media\/19777"}],"wp:attachment":[{"href":"https:\/\/stollar.eu\/et\/wp-json\/wp\/v2\/media?parent=19763"}],"wp:term":[{"taxonomy":"product_brand","embeddable":true,"href":"https:\/\/stollar.eu\/et\/wp-json\/wp\/v2\/product_brand?post=19763"},{"taxonomy":"product_cat","embeddable":true,"href":"https:\/\/stollar.eu\/et\/wp-json\/wp\/v2\/product_cat?post=19763"},{"taxonomy":"product_tag","embeddable":true,"href":"https:\/\/stollar.eu\/et\/wp-json\/wp\/v2\/product_tag?post=19763"}],"curies":[{"name":"wp","href":"https:\/\/api.w.org\/{rel}","templated":true}]}}