{"id":19689,"date":"2023-06-01T00:00:00","date_gmt":"2023-05-31T22:00:00","guid":{"rendered":"https:\/\/stollar.eu\/maaratlemata\/rapid-food-dryer-toidukuivati-dhs700\/"},"modified":"2024-08-01T16:03:25","modified_gmt":"2024-08-01T14:03:25","slug":"rapid-food-dryer-toidukuivati-dhs700","status":"publish","type":"product","link":"https:\/\/stollar.eu\/et\/toidukuivatid\/rapid-food-dryer-toidukuivati-dhs700\/","title":{"rendered":"Toidukuivati the Rapid Food Dryer DHS700"},"content":{"rendered":"","protected":false},"excerpt":{"rendered":"<h2>V\u00f5imas 400 W toidukuivati kuue metallist kuivatusplaadiga.<\/h2>\n<div>\n<ul>\n<li>6 metallist kuivatusplaati<\/li>\n<li>400 W v\u00f5imas kuumutuselement<\/li>\n<li>Reguleeritav temperatuur 35\u201370 \u00b0C<\/li>\n<li>T\u00f5hus kuuma \u00f5hu ringluse s\u00fcsteem<\/li>\n<li>Programmeeritav 24 tunni taimer<\/li>\n<li>Vaikselt t\u00f6\u00f6tav 53 dB(A)<\/li>\n<li>Automaatne v\u00e4ljal\u00fclitus<\/li>\n<li>Tootjagarantii 3 aastat<\/li>\n<\/ul>\n<\/div>\n","protected":false},"featured_media":19692,"template":"","meta":{"_acf_changed":false},"product_brand":[],"product_cat":[421],"product_tag":[],"class_list":{"0":"post-19689","1":"product","2":"type-product","3":"status-publish","4":"has-post-thumbnail","6":"product_cat-toidukuivatid","8":"first","9":"instock","10":"taxable","11":"shipping-taxable","12":"purchasable","13":"product-type-simple"},"acf":[],"_links":{"self":[{"href":"https:\/\/stollar.eu\/et\/wp-json\/wp\/v2\/product\/19689","targetHints":{"allow":["GET"]}}],"collection":[{"href":"https:\/\/stollar.eu\/et\/wp-json\/wp\/v2\/product"}],"about":[{"href":"https:\/\/stollar.eu\/et\/wp-json\/wp\/v2\/types\/product"}],"version-history":[{"count":0,"href":"https:\/\/stollar.eu\/et\/wp-json\/wp\/v2\/product\/19689\/revisions"}],"wp:featuredmedia":[{"embeddable":true,"href":"https:\/\/stollar.eu\/et\/wp-json\/wp\/v2\/media\/19692"}],"wp:attachment":[{"href":"https:\/\/stollar.eu\/et\/wp-json\/wp\/v2\/media?parent=19689"}],"wp:term":[{"taxonomy":"product_brand","embeddable":true,"href":"https:\/\/stollar.eu\/et\/wp-json\/wp\/v2\/product_brand?post=19689"},{"taxonomy":"product_cat","embeddable":true,"href":"https:\/\/stollar.eu\/et\/wp-json\/wp\/v2\/product_cat?post=19689"},{"taxonomy":"product_tag","embeddable":true,"href":"https:\/\/stollar.eu\/et\/wp-json\/wp\/v2\/product_tag?post=19689"}],"curies":[{"name":"wp","href":"https:\/\/api.w.org\/{rel}","templated":true}]}}