{"id":19627,"date":"2023-06-01T00:00:00","date_gmt":"2023-05-31T22:00:00","guid":{"rendered":"https:\/\/stollar.eu\/maaratlemata\/drip-cafe-kohvimasin-ska750\/"},"modified":"2024-08-01T16:03:34","modified_gmt":"2024-08-01T14:03:34","slug":"drip-cafe-kohvimasin-ska750","status":"publish","type":"product","link":"https:\/\/stollar.eu\/et\/kohviseadmed\/drip-cafe-kohvimasin-ska750\/","title":{"rendered":"the Drip Caf\u00e9 kohvimasin SKA750"},"content":{"rendered":"<p><br data-mce-bogus=\"1\"><\/p>\n","protected":false},"excerpt":{"rendered":"<h2>1,25-liitrine kohvimasin t\u00e4pse 92\u201396 \u00b0C valmistamistemperatuuriga.<\/h2>\n<div>\n<ul>\n<li>V\u00f5imas 1800 W kuumutuss\u00fcsteem<\/li>\n<li>1,25-liitrine klaasist veeanum v\u00f5imaldab veetaset h\u00f5lpsalt j\u00e4lgida<\/li>\n<li>1,25-liitrine kaaskann<\/li>\n<li>Tilkumisvastane klapp<\/li>\n<li>NTC-sensor tagab t\u00e4pse kontrolli temperatuuri \u00fcle<\/li>\n<li>Soojashoidmise funktsioon<\/li>\n<li>Automaatne v\u00e4ljal\u00fclitus 40 minuti p\u00e4rast<\/li>\n<li>\u00dclekuumenemiskaitse<\/li>\n<li>Lihtsalt juurdep\u00e4\u00e4setav p\u00fcsifilter<\/li>\n<li>Nakkumatu kattega soojashoidmise plaat<\/li>\n<li>Roostevabast terasest<\/li>\n<li>Toitenupp koos LED-m\u00e4rgutulega<\/li>\n<li>Tootjagarantii 2 aastat<\/li>\n<\/ul>\n<\/div>\n","protected":false},"featured_media":19632,"template":"","meta":{"_acf_changed":false},"product_brand":[],"product_cat":[411],"product_tag":[],"class_list":{"0":"post-19627","1":"product","2":"type-product","3":"status-publish","4":"has-post-thumbnail","6":"product_cat-kohviseadmed","8":"first","9":"instock","10":"taxable","11":"shipping-taxable","12":"purchasable","13":"product-type-simple"},"acf":[],"_links":{"self":[{"href":"https:\/\/stollar.eu\/et\/wp-json\/wp\/v2\/product\/19627","targetHints":{"allow":["GET"]}}],"collection":[{"href":"https:\/\/stollar.eu\/et\/wp-json\/wp\/v2\/product"}],"about":[{"href":"https:\/\/stollar.eu\/et\/wp-json\/wp\/v2\/types\/product"}],"version-history":[{"count":0,"href":"https:\/\/stollar.eu\/et\/wp-json\/wp\/v2\/product\/19627\/revisions"}],"wp:featuredmedia":[{"embeddable":true,"href":"https:\/\/stollar.eu\/et\/wp-json\/wp\/v2\/media\/19632"}],"wp:attachment":[{"href":"https:\/\/stollar.eu\/et\/wp-json\/wp\/v2\/media?parent=19627"}],"wp:term":[{"taxonomy":"product_brand","embeddable":true,"href":"https:\/\/stollar.eu\/et\/wp-json\/wp\/v2\/product_brand?post=19627"},{"taxonomy":"product_cat","embeddable":true,"href":"https:\/\/stollar.eu\/et\/wp-json\/wp\/v2\/product_cat?post=19627"},{"taxonomy":"product_tag","embeddable":true,"href":"https:\/\/stollar.eu\/et\/wp-json\/wp\/v2\/product_tag?post=19627"}],"curies":[{"name":"wp","href":"https:\/\/api.w.org\/{rel}","templated":true}]}}