{"id":19577,"date":"2023-06-01T00:00:00","date_gmt":"2023-05-31T22:00:00","guid":{"rendered":"https:\/\/stollar.eu\/maaratlemata\/multi-food-processor-koogi-koogipressor-spp800\/"},"modified":"2024-08-01T16:03:34","modified_gmt":"2024-08-01T14:03:34","slug":"the-multi-food-processor-koogikombain-spp800","status":"publish","type":"product","link":"https:\/\/stollar.eu\/et\/koogikombainid\/the-multi-food-processor-koogikombain-spp800\/","title":{"rendered":"the Multi Food Processor k\u00f6\u00f6gikombain SPP800"},"content":{"rendered":"","protected":false},"excerpt":{"rendered":"<h2>Suure j\u00f5udlusega 1000 W k\u00f6\u00f6gikombain, kiiruse regulaatoriga.<\/h2>\n<div>\n<ul>\n<li>Suure v\u00f5imsusega 1000 W mootor<\/li>\n<li>Mahukas 3-liitrine anum<\/li>\n<li>1,5-liitrine klaasist blenderi kann<\/li>\n<li>Kiiruse reguleerimisseadis<\/li>\n<li>Mitu erineva suurusega t\u00e4itetoru t\u00e4pselt soovitud tulemuste saavutamiseks (kolm-\u00fches)<\/li>\n<li>Tsitruspressi tarvik probleemivabaks mahlapressimiseks<\/li>\n<li>Minihakkija<\/li>\n<li>Tainatera ja mitmeotstarbeline hakkimistera<\/li>\n<li>Topelt visplitarvik<\/li>\n<li>4 roostevabast terasest ketast viilutamiseks, ribastamiseks, riivimiseks ja friikartulite valmistamiseks<\/li>\n<li>Libisemiskindlad jalad v\u00e4hendavad vibratsiooni<\/li>\n<li>Turvariivistuse s\u00fcsteem<\/li>\n<li>Tootjagarantii 3 aastat<\/li>\n<\/ul>\n<\/div>\n","protected":false},"featured_media":26981,"template":"","meta":{"_acf_changed":false},"product_brand":[],"product_cat":[403],"product_tag":[],"class_list":{"0":"post-19577","1":"product","2":"type-product","3":"status-publish","4":"has-post-thumbnail","6":"product_cat-koogikombainid","8":"first","9":"instock","10":"taxable","11":"shipping-taxable","12":"purchasable","13":"product-type-simple"},"acf":[],"_links":{"self":[{"href":"https:\/\/stollar.eu\/et\/wp-json\/wp\/v2\/product\/19577","targetHints":{"allow":["GET"]}}],"collection":[{"href":"https:\/\/stollar.eu\/et\/wp-json\/wp\/v2\/product"}],"about":[{"href":"https:\/\/stollar.eu\/et\/wp-json\/wp\/v2\/types\/product"}],"version-history":[{"count":0,"href":"https:\/\/stollar.eu\/et\/wp-json\/wp\/v2\/product\/19577\/revisions"}],"wp:featuredmedia":[{"embeddable":true,"href":"https:\/\/stollar.eu\/et\/wp-json\/wp\/v2\/media\/26981"}],"wp:attachment":[{"href":"https:\/\/stollar.eu\/et\/wp-json\/wp\/v2\/media?parent=19577"}],"wp:term":[{"taxonomy":"product_brand","embeddable":true,"href":"https:\/\/stollar.eu\/et\/wp-json\/wp\/v2\/product_brand?post=19577"},{"taxonomy":"product_cat","embeddable":true,"href":"https:\/\/stollar.eu\/et\/wp-json\/wp\/v2\/product_cat?post=19577"},{"taxonomy":"product_tag","embeddable":true,"href":"https:\/\/stollar.eu\/et\/wp-json\/wp\/v2\/product_tag?post=19577"}],"curies":[{"name":"wp","href":"https:\/\/api.w.org\/{rel}","templated":true}]}}