{"id":18824,"date":"2022-03-02T09:54:53","date_gmt":"2022-03-02T07:54:53","guid":{"rendered":"https:\/\/stollar.eu\/privaatsuspoliitika\/"},"modified":"2024-06-20T15:17:33","modified_gmt":"2024-06-20T13:17:33","slug":"privaatsuspoliitika","status":"publish","type":"page","link":"https:\/\/stollar.eu\/et\/privaatsuspoliitika\/","title":{"rendered":"Privaatsuspoliitika"},"content":{"rendered":"\n<p>Tere tulemast aadressile Stollar.eu. Oleme p\u00fchendunud teie privaatsuse kaitsmisele, pakkudes teile samas sujuvat ja rikastavat sirvimiskogemust. K\u00e4esolevas privaatsuspoliitikas on s\u00e4testatud, kuidas me teie isikuandmeid meie veebisaidil k\u00e4sitleme. Palun lugege k\u00e4esolevat poliitikat hoolikalt, et m\u00f5ista meie andmet\u00f6\u00f6tluspraktikaid.<\/p>\n\n<h2 class=\"wp-block-heading\">Kogutud teave<\/h2>\n\n<h3 class=\"wp-block-heading\">Isikuandmed<\/h3>\n\n<p>Stollar.eu ei kogu isikuandmeid, nagu nimed, aadressid, telefoninumbrid v\u00f5i e-posti aadressid, v\u00e4lja arvatud juhul, kui te annate neid meile vabatahtlikult kontaktvormide v\u00f5i muude otsesuhtluse vormide kaudu.<\/p>\n\n<h3 class=\"wp-block-heading\">Mitte-isikuandmed<\/h3>\n\n<p>Me v\u00f5ime koguda mitte-isikuandmeid teie suhtluse kohta meie veebisaidiga. Seda teavet kogutakse k\u00fcpsiste abil ja see h\u00f5lmab j\u00e4rgmist:<\/p>\n\n<ul class=\"wp-block-list\">\n<li><strong>IP-aadress:<\/strong> teie arvuti IP-aadress teie geograafilise asukoha m\u00e4\u00e4ramiseks.<\/li>\n\n\n\n<li><strong>Brauseri t\u00fc\u00fcp:<\/strong> kasutatava brauseri t\u00fc\u00fcp.<\/li>\n\n\n\n<li><strong>K\u00fclastatud lehek\u00fcljed:<\/strong> lehek\u00fcljed, mida k\u00fclastate meie veebisaidil.<\/li>\n\n\n\n<li><strong>Kulutatud aeg:<\/strong> aeg, mille te kulutate igale lehek\u00fcljele.<\/li>\n<\/ul>\n\n<h2 class=\"wp-block-heading\">Kuidas me kasutame k\u00fcpsiseid?<\/h2>\n\n<p>Veebisait kasutab erinevatel eesm\u00e4rkidel mitut liiki k\u00fcpsiseid:<\/p>\n\n<h3 class=\"wp-block-heading\">N\u00f5utavad k\u00fcpsised<\/h3>\n\n<p>K\u00fcpsiseid kasutatakse veebilehe toimimise tagamiseks, sealhulgas selleks, et v\u00f5imaldada teil kasutada meie teenuseid. Neid k\u00fcpsiseid kasutatakse meie \u00f5igustatud huvi alusel veebisaidi toimimiseks ja teile teenuste pakkumiseks. Vajalikke k\u00fcpsiseid s\u00e4ilitatakse kuni brauseri sulgemiseni, st kuni seansi l\u00f5puni.<\/p>\n\n<h3 class=\"wp-block-heading\">Anal\u00fc\u00fctilised \/ tulemuslikkuse k\u00fcpsised<\/h3>\n\n<p>Need k\u00fcpsised v\u00f5imaldavad meil \u00e4ra tunda ja loendada veebisaidi k\u00fclastajate arvu ning n\u00e4ha, kuidas need k\u00fclastajad veebisaidil liiguvad. Nende k\u00fcpsiste kasutamise \u00f5iguslik alus on meie \u00f5igustatud huvi veebisaidi t\u00e4iustamiseks, n\u00e4iteks otsinguv\u00f5imaluse pakkumise kaudu. Anal\u00fc\u00fctilised\/v\u00f5imsusk\u00fcpsised salvestatakse teie seadmesse p\u00fcsivalt.<\/p>\n\n<h3 class=\"wp-block-heading\">Funktsionaalsed k\u00fcpsised<\/h3>\n\n<p>Need k\u00fcpsised v\u00f5imaldavad veebisaidil meeles pidada teie valitud seadeid ja valikuid, et muuta veebisaidi kasutamine lihtsamaks, n\u00e4iteks seda, et soovite j\u00e4\u00e4da veebisaidile sisselogimiseks. Neid k\u00fcpsiseid kasutatakse meie \u00f5igustatud huvi alusel, et pakkuda, parandada ja muuta veebilehe kasutamine mugavamaks. Funktsionaalsed k\u00fcpsised salvestatakse teie seadmesse p\u00fcsivalt.<\/p>\n\n<h3 class=\"wp-block-heading\">Sihtotstarbelised\/reklaamik\u00fcpsised<\/h3>\n\n<p>Neid k\u00fcpsiseid kasutatakse selleks, et salvestada teie k\u00fclastust meie veebisaidil, k\u00fclastatud veebisaite ja kasutatud linke, et pakkuda ja kuvada teie huvidele vastavaid tooteid v\u00f5i teenuseid meilt v\u00f5i meie \u00e4ripartneritelt. Neid k\u00fcpsiseid kasutatakse teie n\u00f5usoleku alusel. Veebilehte k\u00fclastades ja meie teenuseid kasutades n\u00f5ustute sihtotstarbeliste\/reklaamik\u00fcpsiste kasutamisega. Sihtotstarbelised\/reklaamik\u00fcpsised salvestatakse seni, kuni te k\u00fcpsise oma brauserist kustutate.<\/p>\n\n<p>K\u00fcpsiseid t\u00f6\u00f6tleme ja saame meie ja meie \u00e4ripartnerid, kes haldavad veebisaiti ning koguvad ja anal\u00fc\u00fcsivad teie tegevust veebisaidil. K\u00fcpsiste andmeid ei edastata v\u00e4ljapoole Euroopa Liitu ja EMPd.<\/p>\n\n<h2 class=\"wp-block-heading\">K\u00fcpsiste haldamine<\/h2>\n\n<p>K\u00fcpsiseid saate hallata v\u00f5i keelata oma brauseri seadete kaudu. Pange t\u00e4hele, et k\u00fcpsiste keelamine v\u00f5ib m\u00f5jutada teie sirvimiskogemust ja piirata m\u00f5ningaid meie veebisaidi funktsioone.<\/p>\n\n<h3 class=\"wp-block-heading\">K\u00fcpsiste haldamise juhised:<\/h3>\n\n<ul class=\"wp-block-list\">\n<li><strong>Google Chrome:<\/strong> <a href=\"https:\/\/support.google.com\/accounts\/answer\/61416\" rel=\"nofollow noopener\" target=\"_blank\">K\u00fcpsiste haldamine Chrome&#8217;is<\/a><\/li>\n\n\n\n<li><strong>Mozilla Firefox:<\/strong> <a href=\"https:\/\/support.mozilla.org\/en-US\/kb\/enable-and-disable-cookies-website-preferences\" rel=\"nofollow noopener\" target=\"_blank\">K\u00fcpsiste haldamine Firefoxis<\/a><\/li>\n\n\n\n<li><strong>Safari:<\/strong> <a href=\"https:\/\/support.apple.com\/guide\/safari\/manage-cookies-and-website-data-sfri11471\/mac\" rel=\"nofollow noopener\" target=\"_blank\">K\u00fcpsiste haldamine Safaris<\/a><\/li>\n\n\n\n<li><strong>Microsoft Edge:<\/strong> <a href=\"https:\/\/support.microsoft.com\/en-us\/microsoft-edge\/delete-cookies-in-microsoft-edge-63947406-40ac-c3b8-57b9-2a946a29ae09\" rel=\"nofollow noopener\" target=\"_blank\">Edge&#8217;i k\u00fcpsiste haldamine<\/a><\/li>\n<\/ul>\n\n<h2 class=\"wp-block-heading\">Andmete turvalisus<\/h2>\n\n<p>Me v\u00f5tame m\u00f5istlikke meetmeid, et kaitsta teie andmeid volitamata juurdep\u00e4\u00e4su, muutmise, avalikustamise v\u00f5i h\u00e4vitamise eest. Siiski ei ole \u00fckski interneti\u00fclekande vorm t\u00e4iesti turvaline ja me ei saa tagada teie andmete absoluutset turvalisust.<\/p>\n\n<h2 class=\"wp-block-heading\">Kolmanda osapoole lingid<\/h2>\n\n<p>Meie veebisait v\u00f5ib sisaldada linke kolmandate isikute veebisaitidele. Me ei vastuta nende veebisaitide privaatsustavade v\u00f5i sisu eest. Soovitame teil tutvuda k\u00f5igi k\u00fclastatavate kolmandate osapoolte veebisaitide privaatsuspoliitikaga.<\/p>\n\n<h2 class=\"wp-block-heading\">Muudatused k\u00e4esolevasse privaatsuspoliitikasse<\/h2>\n\n<p>Me v\u00f5ime seda privaatsuspoliitikat aeg-ajalt ajakohastada. K\u00f5ik muudatused avaldatakse sellel lehek\u00fcljel koos ajakohastatud muutmise kuup\u00e4evaga. Soovitame teil seda poliitikat regulaarselt l\u00e4bi vaadata, et olla kursis sellega, kuidas me teie andmeid kaitseme.<\/p>\n\n<h2 class=\"wp-block-heading\">V\u00f5tke meiega \u00fchendust<\/h2>\n\n<p>Kui teil on k\u00fcsimusi v\u00f5i muresid k\u00e4esoleva privaatsuspoliitika kohta, v\u00f5tke meiega \u00fchendust e-posti aadressil <a href=\"mailto:stollar@btu.lv\">stollar@btu.lv<\/a>.<\/p>\n\n<p>Viimati uuendatud: 10.06.2024<\/p>\n\n<p>Kasutades Stollar.eu, n\u00f5ustute k\u00e4esoleva privaatsuspoliitika tingimustega. T\u00e4name teid meie veebisaidi k\u00fclastamise eest.<\/p>\n","protected":false},"excerpt":{"rendered":"<p>Tere tulemast aadressile Stollar.eu. Oleme p\u00fchendunud teie privaatsuse kaitsmisele, pakkudes teile samas sujuvat ja rikastavat sirvimiskogemust. K\u00e4esolevas privaatsuspoliitikas on s\u00e4testatud, kuidas me teie isikuandmeid meie veebisaidil k\u00e4sitleme. Palun lugege k\u00e4esolevat poliitikat hoolikalt, et m\u00f5ista meie andmet\u00f6\u00f6tluspraktikaid. Kogutud teave Isikuandmed Stollar.eu ei kogu isikuandmeid, nagu nimed, aadressid, telefoninumbrid v\u00f5i e-posti aadressid, v\u00e4lja arvatud juhul, kui te [&hellip;]<\/p>\n","protected":false},"author":1,"featured_media":0,"parent":0,"menu_order":0,"comment_status":"closed","ping_status":"closed","template":"","meta":{"_acf_changed":false,"footnotes":""},"class_list":["post-18824","page","type-page","status-publish","hentry"],"blocksy_meta":{"page_structure_type":"type-3"},"acf":[],"_links":{"self":[{"href":"https:\/\/stollar.eu\/et\/wp-json\/wp\/v2\/pages\/18824","targetHints":{"allow":["GET"]}}],"collection":[{"href":"https:\/\/stollar.eu\/et\/wp-json\/wp\/v2\/pages"}],"about":[{"href":"https:\/\/stollar.eu\/et\/wp-json\/wp\/v2\/types\/page"}],"author":[{"embeddable":true,"href":"https:\/\/stollar.eu\/et\/wp-json\/wp\/v2\/users\/1"}],"replies":[{"embeddable":true,"href":"https:\/\/stollar.eu\/et\/wp-json\/wp\/v2\/comments?post=18824"}],"version-history":[{"count":0,"href":"https:\/\/stollar.eu\/et\/wp-json\/wp\/v2\/pages\/18824\/revisions"}],"wp:attachment":[{"href":"https:\/\/stollar.eu\/et\/wp-json\/wp\/v2\/media?parent=18824"}],"curies":[{"name":"wp","href":"https:\/\/api.w.org\/{rel}","templated":true}]}}