{"id":18703,"date":"2023-06-05T12:29:56","date_gmt":"2023-06-05T10:29:56","guid":{"rendered":"https:\/\/stollar.eu\/stollari-kohta\/"},"modified":"2024-06-20T15:17:33","modified_gmt":"2024-06-20T13:17:33","slug":"stollari-kohta","status":"publish","type":"page","link":"https:\/\/stollar.eu\/et\/stollari-kohta\/","title":{"rendered":"Stollari kohta"},"content":{"rendered":"\n<p>Kallid s\u00f5brad!<\/p>\n\n<p>K\u00f5ik Stollari seadmed on loodud selleks, et muuta teie elu lihtsamaks ja teie k\u00f6\u00f6k ilusamaks! Inspireerida uusi gastronoomilisi avastusi!<\/p>\n\n<p>Stollar on k\u00f5ik meie tehnikate abil saavutatavad tulemused!<\/p>\n\n<p>T\u00e4iuslik tass kohvi, aromaatne tee, kr\u00f5be praetud kana \u00f5htus\u00f6\u00f6giks. Ja palju muud!<\/p>\n\n<p>Soovime teile palju meeldivaid hetki koos Stollariga.<\/p>\n","protected":false},"excerpt":{"rendered":"<p>Kallid s\u00f5brad! K\u00f5ik Stollari seadmed on loodud selleks, et muuta teie elu lihtsamaks ja teie k\u00f6\u00f6k ilusamaks! Inspireerida uusi gastronoomilisi avastusi! Stollar on k\u00f5ik meie tehnikate abil saavutatavad tulemused! T\u00e4iuslik tass kohvi, aromaatne tee, kr\u00f5be praetud kana \u00f5htus\u00f6\u00f6giks. Ja palju muud! Soovime teile palju meeldivaid hetki koos Stollariga.<\/p>\n","protected":false},"author":1,"featured_media":0,"parent":0,"menu_order":0,"comment_status":"closed","ping_status":"closed","template":"","meta":{"_acf_changed":false,"footnotes":""},"class_list":["post-18703","page","type-page","status-publish","hentry"],"blocksy_meta":[],"acf":[],"_links":{"self":[{"href":"https:\/\/stollar.eu\/et\/wp-json\/wp\/v2\/pages\/18703","targetHints":{"allow":["GET"]}}],"collection":[{"href":"https:\/\/stollar.eu\/et\/wp-json\/wp\/v2\/pages"}],"about":[{"href":"https:\/\/stollar.eu\/et\/wp-json\/wp\/v2\/types\/page"}],"author":[{"embeddable":true,"href":"https:\/\/stollar.eu\/et\/wp-json\/wp\/v2\/users\/1"}],"replies":[{"embeddable":true,"href":"https:\/\/stollar.eu\/et\/wp-json\/wp\/v2\/comments?post=18703"}],"version-history":[{"count":0,"href":"https:\/\/stollar.eu\/et\/wp-json\/wp\/v2\/pages\/18703\/revisions"}],"wp:attachment":[{"href":"https:\/\/stollar.eu\/et\/wp-json\/wp\/v2\/media?parent=18703"}],"curies":[{"name":"wp","href":"https:\/\/api.w.org\/{rel}","templated":true}]}}