{"id":27028,"date":"2025-09-10T14:25:48","date_gmt":"2025-09-10T12:25:48","guid":{"rendered":"https:\/\/stollar.eu\/uncategorized\/the-multi-slim-cafe-capsule-coffee-machine-sem350\/"},"modified":"2025-09-12T11:23:12","modified_gmt":"2025-09-12T09:23:12","slug":"the-multi-slim-cafe-capsule-coffee-machine-sem350","status":"publish","type":"product","link":"https:\/\/stollar.eu\/en\/coffee-appliances\/the-multi-slim-cafe-capsule-coffee-machine-sem350\/","title":{"rendered":"the Multi Slim Caf\u00e9 capsule coffee machine SEM350"},"content":{"rendered":"","protected":false},"excerpt":{"rendered":"<h2>5-in-1 coffee machine for capsules, coffee tablets and ground coffee.<\/h2>\n<ul>\n<li>5-in-1 multifunction: A Modo Mio\u00ae, Nespresso\u00ae, Dolce Gusto\u00ae and ESE coffee capsules *<\/li>\n<li>Powerful 1350 W heating element with energy saving mode<\/li>\n<li>19 bar pressure pump for perfect extraction<\/li>\n<li>0.7 liter easily removable water tank<\/li>\n<li>Touch-sensitive control panel<\/li>\n<li>One-touch espresso or americano<\/li>\n<li>Programmable water volume<\/li>\n<li>Removable drip tray<\/li>\n<li>2 year product warranty<\/li>\n<\/ul>\n<p><span style=\"font-size: 12px; line-height: 14px !important;\">A Modo Mio\u00ae is a registered trademark of Luigi Lavazza SpA. Nespresso\u00ae and Dolce Gusto\u00ae are registered trademarks of Soci\u00e9t\u00e9 Des Produits Nestl\u00e9 SA. ESE is a collective trademark of the Consortium for the Development and Protection of the ESE Standard. All trademarks belong to their respective owners and are not affiliated with Stollar or B.T.U. Company.    <\/span><\/p>\n","protected":false},"featured_media":27001,"template":"","meta":{"_acf_changed":false},"product_brand":[],"product_cat":[353],"product_tag":[],"class_list":{"0":"post-27028","1":"product","2":"type-product","3":"status-publish","4":"has-post-thumbnail","6":"product_cat-coffee-appliances","8":"first","9":"instock","10":"taxable","11":"shipping-taxable","12":"purchasable","13":"product-type-simple"},"acf":[],"_links":{"self":[{"href":"https:\/\/stollar.eu\/en\/wp-json\/wp\/v2\/product\/27028","targetHints":{"allow":["GET"]}}],"collection":[{"href":"https:\/\/stollar.eu\/en\/wp-json\/wp\/v2\/product"}],"about":[{"href":"https:\/\/stollar.eu\/en\/wp-json\/wp\/v2\/types\/product"}],"version-history":[{"count":0,"href":"https:\/\/stollar.eu\/en\/wp-json\/wp\/v2\/product\/27028\/revisions"}],"wp:featuredmedia":[{"embeddable":true,"href":"https:\/\/stollar.eu\/en\/wp-json\/wp\/v2\/media\/27001"}],"wp:attachment":[{"href":"https:\/\/stollar.eu\/en\/wp-json\/wp\/v2\/media?parent=27028"}],"wp:term":[{"taxonomy":"product_brand","embeddable":true,"href":"https:\/\/stollar.eu\/en\/wp-json\/wp\/v2\/product_brand?post=27028"},{"taxonomy":"product_cat","embeddable":true,"href":"https:\/\/stollar.eu\/en\/wp-json\/wp\/v2\/product_cat?post=27028"},{"taxonomy":"product_tag","embeddable":true,"href":"https:\/\/stollar.eu\/en\/wp-json\/wp\/v2\/product_tag?post=27028"}],"curies":[{"name":"wp","href":"https:\/\/api.w.org\/{rel}","templated":true}]}}