{"id":18700,"date":"2020-10-13T06:47:01","date_gmt":"2020-10-13T04:47:01","guid":{"rendered":"https:\/\/stollar.eu\/contact\/"},"modified":"2024-06-20T15:17:32","modified_gmt":"2024-06-20T13:17:32","slug":"contact","status":"publish","type":"page","link":"https:\/\/stollar.eu\/en\/contact\/","title":{"rendered":"Contact"},"content":{"rendered":"\n<p>SIA &#8220;B.T.U. COMPANY&#8221;<br\/>VAT No. LV50003873791<br\/>R\u012bga, D\u0101rzaug\u013cu iela 1 &#8211; 207, LV-1012<\/p>\n\n<p><a href=\"https:\/\/stollar.eu\/en\/\">https:\/\/stollar.eu\/<\/a><br\/><a href=\"mailto:stollar@btu.lv\">stollar@btu.lv<\/a><br\/><a href=\"tel:+37167790720\" data-type=\"tel\" data-id=\"tel:+37167790720\">+371 67790720<\/a><\/p>\n","protected":false},"excerpt":{"rendered":"<p>SIA &#8220;B.T.U. COMPANY&#8221;VAT No. LV50003873791R\u012bga, D\u0101rzaug\u013cu iela 1 &#8211; 207, LV-1012 https:\/\/stollar.eu\/stollar@btu.lv+371 67790720<\/p>\n","protected":false},"author":1,"featured_media":0,"parent":0,"menu_order":0,"comment_status":"closed","ping_status":"closed","template":"","meta":{"_acf_changed":false,"footnotes":""},"class_list":["post-18700","page","type-page","status-publish","hentry"],"blocksy_meta":[],"acf":[],"_links":{"self":[{"href":"https:\/\/stollar.eu\/en\/wp-json\/wp\/v2\/pages\/18700","targetHints":{"allow":["GET"]}}],"collection":[{"href":"https:\/\/stollar.eu\/en\/wp-json\/wp\/v2\/pages"}],"about":[{"href":"https:\/\/stollar.eu\/en\/wp-json\/wp\/v2\/types\/page"}],"author":[{"embeddable":true,"href":"https:\/\/stollar.eu\/en\/wp-json\/wp\/v2\/users\/1"}],"replies":[{"embeddable":true,"href":"https:\/\/stollar.eu\/en\/wp-json\/wp\/v2\/comments?post=18700"}],"version-history":[{"count":0,"href":"https:\/\/stollar.eu\/en\/wp-json\/wp\/v2\/pages\/18700\/revisions"}],"wp:attachment":[{"href":"https:\/\/stollar.eu\/en\/wp-json\/wp\/v2\/media?parent=18700"}],"curies":[{"name":"wp","href":"https:\/\/api.w.org\/{rel}","templated":true}]}}